{"id":3041,"date":"2021-12-16T12:49:13","date_gmt":"2021-12-16T11:49:13","guid":{"rendered":"http:\/\/cinemars.eu\/story\/"},"modified":"2021-12-16T12:49:13","modified_gmt":"2021-12-16T11:49:13","slug":"story","status":"publish","type":"page","link":"https:\/\/cinemars.de\/de\/story\/","title":{"rendered":"Story"},"content":{"rendered":"\t\t<div data-elementor-type=\"wp-page\" data-elementor-id=\"3041\" class=\"elementor elementor-3041\" data-elementor-post-type=\"page\">\n\t\t\t\t\t\t<section class=\"elementor-section elementor-top-section elementor-element elementor-element-d57a03e hero section has-scrolldown-button elementor-section-full_width elementor-section-height-default elementor-section-height-default\" data-id=\"d57a03e\" data-element_type=\"section\" data-e-type=\"section\">\n\t\t\t\t\t\t<div class=\"elementor-container elementor-column-gap-no\">\n\t\t\t\t\t<div class=\"elementor-column elementor-col-100 elementor-top-column elementor-element elementor-element-7b1c3ec\" data-id=\"7b1c3ec\" data-element_type=\"column\" data-e-type=\"column\">\n\t\t\t<div class=\"elementor-widget-wrap elementor-element-populated\">\n\t\t\t\t\t\t<div class=\"elementor-element elementor-element-9a559a6 elementor-widget elementor-widget-heading\" data-id=\"9a559a6\" data-element_type=\"widget\" data-e-type=\"widget\" data-widget_type=\"heading.default\">\n\t\t\t\t<div class=\"elementor-widget-container\">\n\t\t\t\t\t<h1 class=\"elementor-heading-title elementor-size-default\">CINE <strong>STORY<\/strong><\/h1>\t\t\t\t<\/div>\n\t\t\t\t<\/div>\n\t\t\t\t<div class=\"elementor-element elementor-element-fc75b45 elementor-widget elementor-widget-text-editor\" data-id=\"fc75b45\" data-element_type=\"widget\" data-e-type=\"widget\" data-widget_type=\"text-editor.default\">\n\t\t\t\t<div class=\"elementor-widget-container\">\n\t\t\t\t\t\t\t\t\t<p>PRODUCING FILMS FOR SOCIAL IMPACT<\/p>\t\t\t\t\t\t\t\t<\/div>\n\t\t\t\t<\/div>\n\t\t\t\t<div class=\"elementor-element elementor-element-a8c4e6e hero_bg-img elementor-widget elementor-widget-image\" data-id=\"a8c4e6e\" data-element_type=\"widget\" data-e-type=\"widget\" data-widget_type=\"image.default\">\n\t\t\t\t<div class=\"elementor-widget-container\">\n\t\t\t\t\t\t\t\t\t\t\t\t\t\t\t<img fetchpriority=\"high\" decoding=\"async\" width=\"1644\" height=\"1080\" src=\"https:\/\/cinemars.de\/wp-content\/uploads\/2022\/01\/Colored-Images-Kopie.jpg\" class=\"attachment-2048x2048 size-2048x2048 wp-image-1541\" alt=\"\" srcset=\"https:\/\/cinemars.de\/wp-content\/uploads\/2022\/01\/Colored-Images-Kopie.jpg 1644w, https:\/\/cinemars.de\/wp-content\/uploads\/2022\/01\/Colored-Images-Kopie-300x197.jpg 300w, https:\/\/cinemars.de\/wp-content\/uploads\/2022\/01\/Colored-Images-Kopie-1024x673.jpg 1024w, https:\/\/cinemars.de\/wp-content\/uploads\/2022\/01\/Colored-Images-Kopie-768x505.jpg 768w, https:\/\/cinemars.de\/wp-content\/uploads\/2022\/01\/Colored-Images-Kopie-1536x1009.jpg 1536w\" sizes=\"(max-width: 1644px) 100vw, 1644px\" \/>\t\t\t\t\t\t\t\t\t\t\t\t\t\t\t<\/div>\n\t\t\t\t<\/div>\n\t\t\t\t<div class=\"elementor-element elementor-element-437a307 btn_scroll-down elementor-widget elementor-widget-button\" data-id=\"437a307\" data-element_type=\"widget\" data-e-type=\"widget\" data-widget_type=\"button.default\">\n\t\t\t\t<div class=\"elementor-widget-container\">\n\t\t\t\t\t\t\t\t\t<div class=\"elementor-button-wrapper\">\n\t\t\t\t\t<a class=\"elementor-button elementor-button-link elementor-size-sm\" href=\"#first-section\">\n\t\t\t\t\t\t<span class=\"elementor-button-content-wrapper\">\n\t\t\t\t\t\t<span class=\"elementor-button-icon\">\n\t\t\t\t<svg xmlns=\"http:\/\/www.w3.org\/2000\/svg\" xmlns:xlink=\"http:\/\/www.w3.org\/1999\/xlink\" id=\"Ebene_1\" x=\"0px\" y=\"0px\" viewBox=\"0 0 25.2 14.2\" style=\"enable-background:new 0 0 25.2 14.2;\" xml:space=\"preserve\"><style type=\"text\/css\">\t.st0{fill:#E42C39;}<\/style><g id=\"Iconly_Broken_Arrow_-_Down_2\" transform=\"translate(-1311.999 -1513.403)\">\t<path id=\"Arrow_-_Down_2-8\" class=\"st0\" d=\"M1323.7,1527.2l-11.3-11.5c-0.5-0.5-0.5-1.3,0-1.9c0.5-0.5,1.3-0.5,1.8,0l0,0l11.3,11.5  c0.5,0.5,0.5,1.3,0,1.9C1325,1527.7,1324.2,1527.7,1323.7,1527.2L1323.7,1527.2L1323.7,1527.2z M1327.5,1523.3  c-0.5-0.5-0.5-1.3,0-1.9l7.5-7.7c0.5-0.5,1.3-0.5,1.8,0c0,0,0,0,0,0l0,0c0.5,0.5,0.5,1.3,0,1.9l-7.5,7.6  C1328.8,1523.8,1328,1523.8,1327.5,1523.3L1327.5,1523.3L1327.5,1523.3z\"><\/path><\/g><\/svg>\t\t\t<\/span>\n\t\t\t\t\t\t\t\t\t<span class=\"elementor-button-text\">scroll<\/span>\n\t\t\t\t\t<\/span>\n\t\t\t\t\t<\/a>\n\t\t\t\t<\/div>\n\t\t\t\t\t\t\t\t<\/div>\n\t\t\t\t<\/div>\n\t\t\t\t\t<\/div>\n\t\t<\/div>\n\t\t\t\t\t<\/div>\n\t\t<\/section>\n\t\t\t\t<section class=\"elementor-section elementor-top-section elementor-element elementor-element-c662138 section elementor-section-boxed elementor-section-height-default elementor-section-height-default\" data-id=\"c662138\" data-element_type=\"section\" data-e-type=\"section\" id=\"first-section\">\n\t\t\t\t\t\t<div class=\"elementor-container elementor-column-gap-no\">\n\t\t\t\t\t<div class=\"elementor-column elementor-col-100 elementor-top-column elementor-element elementor-element-bd1b225\" data-id=\"bd1b225\" data-element_type=\"column\" data-e-type=\"column\">\n\t\t\t<div class=\"elementor-widget-wrap elementor-element-populated\">\n\t\t\t\t\t\t<div class=\"elementor-element elementor-element-dfbd1ab elementor-widget elementor-widget-heading\" data-id=\"dfbd1ab\" data-element_type=\"widget\" data-e-type=\"widget\" data-widget_type=\"heading.default\">\n\t\t\t\t<div class=\"elementor-widget-container\">\n\t\t\t\t\t<h2 class=\"elementor-heading-title elementor-size-default\">WHAT WE <strong>CHANGED<\/strong><\/h2>\t\t\t\t<\/div>\n\t\t\t\t<\/div>\n\t\t\t\t<div class=\"elementor-element elementor-element-e087e95 elementor-widget elementor-widget-jet-timeline\" data-id=\"e087e95\" data-element_type=\"widget\" data-e-type=\"widget\" data-widget_type=\"jet-timeline.default\">\n\t\t\t\t<div class=\"elementor-widget-container\">\n\t\t\t\t\t<div class=\"elementor-jet-timeline jet-elements\"><div class=\"jet-timeline jet-timeline--align-center jet-timeline--align-middle\">\n\t<div class=\"jet-timeline__line\"><div class=\"jet-timeline__line-progress\"><\/div><\/div>\n\t<div class=\"jet-timeline-list\"><div class=\"jet-timeline-item  elementor-repeater-item-89fa4bc jet-timeline-item--image-inside\">\n\t<div class=\"timeline-item__card\">\n\t\t<div class=\"timeline-item__card-inner\">\n\t\t\t\t<div class=\"timeline-item__card-img\"><img decoding=\"async\" width=\"660\" height=\"361\" src=\"https:\/\/cinemars.de\/wp-content\/uploads\/2022\/01\/Zeichenfla\u0308che-1-Kopie-2.jpg\" class=\"attachment-full size-full wp-image-1757\" alt=\"\" srcset=\"https:\/\/cinemars.de\/wp-content\/uploads\/2022\/01\/Zeichenfla\u0308che-1-Kopie-2.jpg 660w, https:\/\/cinemars.de\/wp-content\/uploads\/2022\/01\/Zeichenfla\u0308che-1-Kopie-2-300x164.jpg 300w\" sizes=\"(max-width: 660px) 100vw, 660px\" \/><\/div>\t\t\t\t<div class=\"timeline-item__card-content\">\n\t\t\t\t\t<div class=\"timeline-item__meta\"><\/div><h3 class=\"timeline-item__card-title\">NOW<\/h3><div class=\"timeline-item__card-desc\">Weit hinten, hinter den Wortbergen, fern der L\u00e4nder Vokalien und Konsonantien leben die Blindtexte. Abgeschieden wohnen sie in Buchstabhausen an der K\u00fcste des Semantik, eines gro\u00dfen Sprachozeans. Ein kleines B\u00e4chlein namens Duden flie\u00dft durch ihren Ort und versorgt sie mit den n\u00f6tigen Regelialien. <\/div>\t\t\t\t<\/div>\n\t\t\t\t\t\t<\/div>\n\t\t<div class=\"timeline-item__card-arrow\"><\/div>\n\t<\/div>\n\t<div class=\"timeline-item__point\"><div class=\"timeline-item__point-content timeline-item__point-content--icon\"><span class=\"jet-elements-icon\"><i aria-hidden=\"true\" class=\"fas fa-circle\"><\/i><\/span><\/div><\/div><div class=\"timeline-item__meta\"><\/div><\/div><div class=\"jet-timeline-item  elementor-repeater-item-f5eb8e4 jet-timeline-item--image-inside\">\n\t<div class=\"timeline-item__card\">\n\t\t<div class=\"timeline-item__card-inner\">\n\t\t\t\t<div class=\"timeline-item__card-img\"><img decoding=\"async\" width=\"660\" height=\"361\" src=\"https:\/\/cinemars.de\/wp-content\/uploads\/2022\/01\/Zeichenfla\u0308che-1-Kopie.jpg\" class=\"attachment-full size-full wp-image-1759\" alt=\"\" srcset=\"https:\/\/cinemars.de\/wp-content\/uploads\/2022\/01\/Zeichenfla\u0308che-1-Kopie.jpg 660w, https:\/\/cinemars.de\/wp-content\/uploads\/2022\/01\/Zeichenfla\u0308che-1-Kopie-300x164.jpg 300w\" sizes=\"(max-width: 660px) 100vw, 660px\" \/><\/div>\t\t\t\t<div class=\"timeline-item__card-content\">\n\t\t\t\t\t<div class=\"timeline-item__meta\"><div class=\"timeline-item__meta-content\">2020<\/div><\/div><h3 class=\"timeline-item__card-title\">WE ROLL<\/h3><div class=\"timeline-item__card-desc\">Weit hinten, hinter den Wortbergen, fern der L\u00e4nder Vokalien und Konsonantien leben die Blindtexte. Abgeschieden wohnen sie in Buchstabhausen an der K\u00fcste des Semantik, eines gro\u00dfen Sprachozeans. Ein kleines B\u00e4chlein namens Duden flie\u00dft durch ihren Ort und versorgt sie mit den n\u00f6tigen Regelialien. <\/div>\t\t\t\t<\/div>\n\t\t\t\t\t\t<\/div>\n\t\t<div class=\"timeline-item__card-arrow\"><\/div>\n\t<\/div>\n\t<div class=\"timeline-item__point\"><div class=\"timeline-item__point-content timeline-item__point-content--icon\"><span class=\"jet-elements-icon\"><i aria-hidden=\"true\" class=\"fas fa-circle\"><\/i><\/span><\/div><\/div><div class=\"timeline-item__meta\"><div class=\"timeline-item__meta-content\">2020<\/div><\/div><\/div><div class=\"jet-timeline-item  elementor-repeater-item-616be1a jet-timeline-item--image-inside\">\n\t<div class=\"timeline-item__card\">\n\t\t<div class=\"timeline-item__card-inner\">\n\t\t\t\t<div class=\"timeline-item__card-img\"><img loading=\"lazy\" decoding=\"async\" width=\"1920\" height=\"1080\" src=\"https:\/\/cinemars.de\/wp-content\/uploads\/2021\/12\/sam-mcghee-KieCLNzKoBo-unsplash-1.jpg\" class=\"attachment-full size-full wp-image-255\" alt=\"\" srcset=\"https:\/\/cinemars.de\/wp-content\/uploads\/2021\/12\/sam-mcghee-KieCLNzKoBo-unsplash-1.jpg 1920w, https:\/\/cinemars.de\/wp-content\/uploads\/2021\/12\/sam-mcghee-KieCLNzKoBo-unsplash-1-300x169.jpg 300w, https:\/\/cinemars.de\/wp-content\/uploads\/2021\/12\/sam-mcghee-KieCLNzKoBo-unsplash-1-1024x576.jpg 1024w, https:\/\/cinemars.de\/wp-content\/uploads\/2021\/12\/sam-mcghee-KieCLNzKoBo-unsplash-1-768x432.jpg 768w, https:\/\/cinemars.de\/wp-content\/uploads\/2021\/12\/sam-mcghee-KieCLNzKoBo-unsplash-1-1536x864.jpg 1536w\" sizes=\"(max-width: 1920px) 100vw, 1920px\" \/><\/div>\t\t\t\t<div class=\"timeline-item__card-content\">\n\t\t\t\t\t<div class=\"timeline-item__meta\"><\/div><h3 class=\"timeline-item__card-title\">START<\/h3><div class=\"timeline-item__card-desc\">Weit hinten, hinter den Wortbergen, fern der L\u00e4nder Vokalien und Konsonantien leben die Blindtexte. Abgeschieden wohnen sie in Buchstabhausen an der K\u00fcste des Semantik, eines gro\u00dfen Sprachozeans. Ein kleines B\u00e4chlein namens Duden flie\u00dft durch ihren Ort und versorgt sie mit den n\u00f6tigen Regelialien. <\/div>\t\t\t\t<\/div>\n\t\t\t\t\t\t<\/div>\n\t\t<div class=\"timeline-item__card-arrow\"><\/div>\n\t<\/div>\n\t<div class=\"timeline-item__point\"><div class=\"timeline-item__point-content timeline-item__point-content--icon\"><span class=\"jet-elements-icon\"><i aria-hidden=\"true\" class=\"fas fa-circle\"><\/i><\/span><\/div><\/div><div class=\"timeline-item__meta\"><\/div><\/div><div class=\"jet-timeline-item  elementor-repeater-item-e9ca62f jet-timeline-item--image-inside\">\n\t<div class=\"timeline-item__card\">\n\t\t<div class=\"timeline-item__card-inner\">\n\t\t\t\t<div class=\"timeline-item__card-img\"><img loading=\"lazy\" decoding=\"async\" width=\"1732\" height=\"1155\" src=\"https:\/\/cinemars.de\/wp-content\/uploads\/2021\/12\/seth-doyle-3rcT6_NjjbU-unsplash.jpg\" class=\"attachment-full size-full wp-image-253\" alt=\"\" srcset=\"https:\/\/cinemars.de\/wp-content\/uploads\/2021\/12\/seth-doyle-3rcT6_NjjbU-unsplash.jpg 1732w, https:\/\/cinemars.de\/wp-content\/uploads\/2021\/12\/seth-doyle-3rcT6_NjjbU-unsplash-300x200.jpg 300w, https:\/\/cinemars.de\/wp-content\/uploads\/2021\/12\/seth-doyle-3rcT6_NjjbU-unsplash-1024x683.jpg 1024w, https:\/\/cinemars.de\/wp-content\/uploads\/2021\/12\/seth-doyle-3rcT6_NjjbU-unsplash-768x512.jpg 768w, https:\/\/cinemars.de\/wp-content\/uploads\/2021\/12\/seth-doyle-3rcT6_NjjbU-unsplash-1536x1024.jpg 1536w\" sizes=\"(max-width: 1732px) 100vw, 1732px\" \/><\/div>\t\t\t\t<div class=\"timeline-item__card-content\">\n\t\t\t\t\t<div class=\"timeline-item__meta\"><div class=\"timeline-item__meta-content\">2014<\/div><\/div><h3 class=\"timeline-item__card-title\">FOUNDING<\/h3><div class=\"timeline-item__card-desc\">Weit hinten, hinter den Wortbergen, fern der L\u00e4nder Vokalien und Konsonantien leben die Blindtexte. Abgeschieden wohnen sie in Buchstabhausen an der K\u00fcste des Semantik, eines gro\u00dfen Sprachozeans. Ein kleines B\u00e4chlein namens Duden flie\u00dft durch ihren Ort und versorgt sie mit den n\u00f6tigen Regelialien. <\/div>\t\t\t\t<\/div>\n\t\t\t\t\t\t<\/div>\n\t\t<div class=\"timeline-item__card-arrow\"><\/div>\n\t<\/div>\n\t<div class=\"timeline-item__point\"><div class=\"timeline-item__point-content timeline-item__point-content--icon\"><span class=\"jet-elements-icon\"><i aria-hidden=\"true\" class=\"fas fa-circle\"><\/i><\/span><\/div><\/div><div class=\"timeline-item__meta\"><div class=\"timeline-item__meta-content\">2014<\/div><\/div><\/div><\/div><\/div><\/div>\t\t\t\t<\/div>\n\t\t\t\t<\/div>\n\t\t\t\t\t<\/div>\n\t\t<\/div>\n\t\t\t\t\t<\/div>\n\t\t<\/section>\n\t\t\t\t<\/div>\n\t\t","protected":false},"excerpt":{"rendered":"<p>CINE STORY PRODUCING FILMS FOR SOCIAL IMPACT scroll WHAT WE CHANGED NOW Weit hinten, hinter den Wortbergen, fern der L\u00e4nder Vokalien und Konsonantien leben die Blindtexte. Abgeschieden wohnen sie in Buchstabhausen an der K\u00fcste des Semantik, eines gro\u00dfen Sprachozeans. Ein kleines B\u00e4chlein namens Duden flie\u00dft durch ihren Ort und versorgt sie mit den n\u00f6tigen Regelialien. [&hellip;]<\/p>\n","protected":false},"author":9,"featured_media":1541,"parent":0,"menu_order":70,"comment_status":"closed","ping_status":"closed","template":"","meta":{"footnotes":""},"class_list":["post-3041","page","type-page","status-publish","has-post-thumbnail","hentry"],"_links":{"self":[{"href":"https:\/\/cinemars.de\/de\/wp-json\/wp\/v2\/pages\/3041","targetHints":{"allow":["GET"]}}],"collection":[{"href":"https:\/\/cinemars.de\/de\/wp-json\/wp\/v2\/pages"}],"about":[{"href":"https:\/\/cinemars.de\/de\/wp-json\/wp\/v2\/types\/page"}],"author":[{"embeddable":true,"href":"https:\/\/cinemars.de\/de\/wp-json\/wp\/v2\/users\/9"}],"replies":[{"embeddable":true,"href":"https:\/\/cinemars.de\/de\/wp-json\/wp\/v2\/comments?post=3041"}],"version-history":[{"count":0,"href":"https:\/\/cinemars.de\/de\/wp-json\/wp\/v2\/pages\/3041\/revisions"}],"wp:featuredmedia":[{"embeddable":true,"href":"https:\/\/cinemars.de\/de\/wp-json\/wp\/v2\/media\/1541"}],"wp:attachment":[{"href":"https:\/\/cinemars.de\/de\/wp-json\/wp\/v2\/media?parent=3041"}],"curies":[{"name":"wp","href":"https:\/\/api.w.org\/{rel}","templated":true}]}}